{"id":772,"date":"2018-03-24T12:39:33","date_gmt":"2018-03-24T05:39:33","guid":{"rendered":"http:\/\/ntatower.com\/?page_id=772"},"modified":"2018-04-20T10:41:27","modified_gmt":"2018-04-20T03:41:27","slug":"xac-nhan-email-thanh-cong","status":"publish","type":"page","link":"https:\/\/ntatower.com\/vi\/xac-nhan-email-thanh-cong\/","title":{"rendered":"X\u00e1c Nh\u1eadn Email Th\u00e0nh C\u00f4ng"},"content":{"rendered":"<p>[vc_row][vc_column][vc_icon icon_fontawesome=&#8221;fa fa-check&#8221; color=&#8221;white&#8221; background_style=&#8221;rounded&#8221; background_color=&#8221;custom&#8221; size=&#8221;lg&#8221; align=&#8221;center&#8221; custom_background_color=&#8221;#9c6b00&#8243; css=&#8221;.vc_custom_1521870618801{margin-bottom: 20px !important;}&#8221;]<div id=\"ultimate-heading-11569e899bf6ea31\" class=\"uvc-heading ult-adjust-bottom-margin ultimate-heading-11569e899bf6ea31 uvc-5634 \" data-hspacer=\"line_only\"  data-halign=\"center\" style=\"text-align:center\"><div class=\"uvc-main-heading ult-responsive\"  data-ultimate-target='.uvc-heading.ultimate-heading-11569e899bf6ea31 h2'  data-responsive-json-new='{\"font-size\":\"\",\"line-height\":\"\"}' ><h2 style=\"font-weight:normal;\">X\u00e1c Nh\u1eadn Email Th\u00e0nh C\u00f4ng!<\/h2><\/div><div class=\"uvc-heading-spacer line_only\" style=\"margin-top:35px;margin-bottom:35px;height:2px;\"><span class=\"uvc-headings-line\" style=\"border-style:solid;border-bottom-width:2px;border-color:#9c6b00;width:100px;\"><\/span><\/div><div class=\"uvc-sub-heading ult-responsive\"  data-ultimate-target='.uvc-heading.ultimate-heading-11569e899bf6ea31 .uvc-sub-heading '  data-responsive-json-new='{\"font-size\":\"\",\"line-height\":\"\"}'  style=\"font-weight:normal;\">C\u1ea3m \u01a1n, th\u00f4ng tin \u0111\u00e3 \u0111\u01b0\u1ee3c g\u1eedi v\u00e0 NTA s\u1ebd li\u00ean l\u1ea1c s\u1edbm v\u1edbi b\u1ea1n.<\/div><\/div>[\/vc_column][\/vc_row]<\/p>\n","protected":false},"excerpt":{"rendered":"<p>[vc_row][vc_column][vc_icon icon_fontawesome=&#8221;fa fa-check&#8221; color=&#8221;white&#8221; background_style=&#8221;rounded&#8221; background_color=&#8221;custom&#8221; size=&#8221;lg&#8221; align=&#8221;center&#8221; custom_background_color=&#8221;#9c6b00&#8243; css=&#8221;.vc_custom_1521870618801{margin-bottom: 20px !important;}&#8221;][\/vc_column][\/vc_row]<\/p>\n","protected":false},"author":1,"featured_media":0,"parent":0,"menu_order":0,"comment_status":"closed","ping_status":"closed","template":"","meta":[],"_links":{"self":[{"href":"https:\/\/ntatower.com\/vi\/wp-json\/wp\/v2\/pages\/772"}],"collection":[{"href":"https:\/\/ntatower.com\/vi\/wp-json\/wp\/v2\/pages"}],"about":[{"href":"https:\/\/ntatower.com\/vi\/wp-json\/wp\/v2\/types\/page"}],"author":[{"embeddable":true,"href":"https:\/\/ntatower.com\/vi\/wp-json\/wp\/v2\/users\/1"}],"replies":[{"embeddable":true,"href":"https:\/\/ntatower.com\/vi\/wp-json\/wp\/v2\/comments?post=772"}],"version-history":[{"count":6,"href":"https:\/\/ntatower.com\/vi\/wp-json\/wp\/v2\/pages\/772\/revisions"}],"predecessor-version":[{"id":878,"href":"https:\/\/ntatower.com\/vi\/wp-json\/wp\/v2\/pages\/772\/revisions\/878"}],"wp:attachment":[{"href":"https:\/\/ntatower.com\/vi\/wp-json\/wp\/v2\/media?parent=772"}],"curies":[{"name":"wp","href":"https:\/\/api.w.org\/{rel}","templated":true}]}}