{"id":48,"date":"2018-01-06T22:21:25","date_gmt":"2018-01-06T15:21:25","guid":{"rendered":"https:\/\/ntatower.naughtyvision.co\/?page_id=48"},"modified":"2018-10-09T08:47:00","modified_gmt":"2018-10-09T01:47:00","slug":"dich-vu","status":"publish","type":"page","link":"https:\/\/ntatower.com\/vi\/dich-vu\/","title":{"rendered":"D\u1ecbch V\u1ee5"},"content":{"rendered":"<p>[vc_row el_id=&#8221;page-heading&#8221; css=&#8221;.vc_custom_1516129488689{margin-bottom: 40px !important;}&#8221;][vc_column]<div id=\"ultimate-heading-258269e2f05d74224\" class=\"uvc-heading ult-adjust-bottom-margin ultimate-heading-258269e2f05d74224 uvc-9264 \" data-hspacer=\"line_only\"  data-halign=\"left\" style=\"text-align:left\"><div class=\"uvc-main-heading ult-responsive\"  data-ultimate-target='.uvc-heading.ultimate-heading-258269e2f05d74224 h3'  data-responsive-json-new='{\"font-size\":\"\",\"line-height\":\"\"}' ><h3 style=\"font-weight:bold;\">C\u00c1C LO\u1ea0I H\u00ccNH D\u1ecaCH V\u1ee4<\/h3><\/div><div class=\"uvc-heading-spacer line_only\" style=\"margin-top:10px;height:1px;\"><span class=\"uvc-headings-line\" style=\"border-style:solid;border-bottom-width:1px;border-color:#dcbe72;width:50px;\"><\/span><\/div><\/div>[\/vc_column][\/vc_row][vc_row full_width=&#8221;stretch_row_content_no_spaces&#8221; css=&#8221;.vc_custom_1523342986777{background-image: url(http:\/\/ntatower.com\/wp-content\/uploads\/2018\/02\/service-pick-up-big.jpg?id=561) !important;background-position: center !important;background-repeat: no-repeat !important;background-size: cover !important;}&#8221; el_class=&#8221;even-row&#8221; el_id=&#8221;dua-ruoc&#8221;][vc_column width=&#8221;1\/12&#8243;][\/vc_column][vc_column offset=&#8221;vc_col-lg-3 vc_col-md-4 vc_col-xs-12&#8243;][vc_row_inner el_class=&#8221;primary-content&#8221;][vc_column_inner]<div id=\"ultimate-heading-351969e2f05d742a0\" class=\"uvc-heading ult-adjust-bottom-margin ultimate-heading-351969e2f05d742a0 uvc-375 \" data-hspacer=\"line_only\"  data-halign=\"left\" style=\"text-align:left\"><div class=\"uvc-main-heading ult-responsive\"  data-ultimate-target='.uvc-heading.ultimate-heading-351969e2f05d742a0 h4'  data-responsive-json-new='{\"font-size\":\"\",\"line-height\":\"\"}' ><h4 style=\"font-weight:bold;color:#033461;\">\u0110\u01afA R\u01af\u1edaC<\/h4><\/div><div class=\"uvc-heading-spacer line_only\" style=\"margin-top:10px;margin-bottom:20px;height:1px;\"><span class=\"uvc-headings-line\" style=\"border-style:solid;border-bottom-width:1px;border-color:#dcbe72;width:40px;\"><\/span><\/div><div class=\"uvc-sub-heading ult-responsive\"  data-ultimate-target='.uvc-heading.ultimate-heading-351969e2f05d742a0 .uvc-sub-heading '  data-responsive-json-new='{\"font-size\":\"\",\"line-height\":\"\"}'  style=\"font-weight:normal;\">V\u1edbi d\u1ecbch v\u1ee5 xe \u0111\u01b0a \u0111\u00f3n cao c\u1ea5p v\u00e0 \u0111\u00fang gi\u1edd c\u1ee7a ch\u00fang t\u00f4i ch\u1eafc ch\u1eafn s\u1ebd mang l\u1ea1i c\u1ea3m gi\u00e1c h\u00e0i l\u00f2ng v\u00e0 th\u01b0 gi\u00e3n. T\u00e0i x\u1ebf c\u1ee7a ch\u00fang t\u00f4i s\u1ebd \u0111\u00f3n qu\u00fd kh\u00e1ch \u0111\u00fang gi\u1edd b\u1eb1ng chi\u1ebfc xe sang tr\u1ecdng trang b\u1ecb \u0111i\u1ec1u h\u00f2a hi\u1ec7n \u0111\u1ea1i, \u00eam \u00e1i. H\u00e3y c\u00f9ng th\u01b0 gi\u00e3n v\u00e0 t\u1eadn h\u01b0\u1edfng s\u1ef1 an to\u00e0n v\u00e0 tho\u1ea3i m\u00e1i c\u1ee7a d\u1ecbch v\u1ee5 xe \u0111\u01b0a r\u01b0\u1edbc c\u1ee7a ch\u00fang t\u00f4i.<\/div><\/div><a href=\"#\" class=\"default-btn-shortcode dt-btn dt-btn-m anchor-link btn-dang-ky btn-inline-left  vc_custom_1517246295402\" id=\"default-btn-a0096b55d59f5290975491482b0d212f\"><span>\u0110\u0102NG K\u00dd<\/span><\/a>[\/vc_column_inner][\/vc_row_inner][\/vc_column][vc_column offset=&#8221;vc_col-lg-8 vc_col-md-7 vc_col-xs-12&#8243;][\/vc_column][\/vc_row][vc_row full_width=&#8221;stretch_row_content_no_spaces&#8221; css=&#8221;.vc_custom_1523342960673{background-image: url(http:\/\/ntatower.com\/wp-content\/uploads\/2018\/02\/service-transition-big.jpg?id=562) !important;background-position: center !important;background-repeat: no-repeat !important;background-size: cover !important;}&#8221; el_class=&#8221;odd-row&#8221; el_id=&#8221;van-tai&#8221;][vc_column offset=&#8221;vc_col-lg-8 vc_col-md-7&#8243;][\/vc_column][vc_column offset=&#8221;vc_col-lg-3 vc_col-md-4&#8243;][vc_row_inner el_class=&#8221;primary-content&#8221;][vc_column_inner]<div id=\"ultimate-heading-239069e2f05d74641\" class=\"uvc-heading ult-adjust-bottom-margin ultimate-heading-239069e2f05d74641 uvc-8826 \" data-hspacer=\"line_only\"  data-halign=\"left\" style=\"text-align:left\"><div class=\"uvc-main-heading ult-responsive\"  data-ultimate-target='.uvc-heading.ultimate-heading-239069e2f05d74641 h4'  data-responsive-json-new='{\"font-size\":\"\",\"line-height\":\"\"}' ><h4 style=\"font-weight:bold;color:#033461;\">V\u1eacN T\u1ea2I<\/h4><\/div><div class=\"uvc-heading-spacer line_only\" style=\"margin-top:10px;margin-bottom:20px;height:1px;\"><span class=\"uvc-headings-line\" style=\"border-style:solid;border-bottom-width:1px;border-color:#dcbe72;width:40px;\"><\/span><\/div><div class=\"uvc-sub-heading ult-responsive\"  data-ultimate-target='.uvc-heading.ultimate-heading-239069e2f05d74641 .uvc-sub-heading '  data-responsive-json-new='{\"font-size\":\"\",\"line-height\":\"\"}'  style=\"font-weight:normal;\">D\u1ecbch v\u1ee5 v\u1eadn chuy\u1ec3n h\u00e0ng h\u00f3a c\u1ee7a ch\u00fang t\u00f4i s\u1ebd l\u00e0m cho kh\u00e1ch h\u00e0ng th\u1ef1c s\u1ef1 an t\u00e2m khi h\u00e0ng ho\u00e1 c\u1ee7a h\u1ecd \u0111\u01b0\u1ee3c giao cho ch\u00fang t\u00f4i. Ch\u00fang t\u00f4i \u0111\u1ea3m b\u1ea3o s\u1ebd \u0111\u01b0a h\u00e0ng c\u1ee7a Qu\u00fd kh\u00e1ch \u0111\u1ebfn n\u01a1i an to\u00e0n, \u0111\u00fang l\u1ecbch tr\u00ecnh<\/div><\/div><a href=\"#\" class=\"default-btn-shortcode dt-btn dt-btn-m anchor-link btn-dang-ky btn-inline-left  vc_custom_1517246309990\" id=\"default-btn-e43d272e58272e598ced59dd94e7d661\"><span>\u0110\u0102NG K\u00dd<\/span><\/a>[\/vc_column_inner][\/vc_row_inner][\/vc_column][vc_column width=&#8221;1\/12&#8243;][\/vc_column][\/vc_row][vc_row full_width=&#8221;stretch_row_content_no_spaces&#8221; css=&#8221;.vc_custom_1523342976077{background-image: url(http:\/\/ntatower.com\/wp-content\/uploads\/2018\/02\/image-2.png?id=563) !important;background-position: center !important;background-repeat: no-repeat !important;background-size: cover !important;}&#8221; el_class=&#8221;even-row&#8221; el_id=&#8221;ca-phe&#8221;][vc_column width=&#8221;1\/12&#8243;][\/vc_column][vc_column offset=&#8221;vc_col-lg-3 vc_col-md-4&#8243;][vc_row_inner el_class=&#8221;primary-content&#8221;][vc_column_inner]<div id=\"ultimate-heading-890869e2f05d7483a\" class=\"uvc-heading ult-adjust-bottom-margin ultimate-heading-890869e2f05d7483a uvc-2282 \" data-hspacer=\"line_only\"  data-halign=\"left\" style=\"text-align:left\"><div class=\"uvc-main-heading ult-responsive\"  data-ultimate-target='.uvc-heading.ultimate-heading-890869e2f05d7483a h4'  data-responsive-json-new='{\"font-size\":\"\",\"line-height\":\"\"}' ><h4 style=\"font-weight:bold;color:#033461;\">C\u00c0 PH\u00ca<\/h4><\/div><div class=\"uvc-heading-spacer line_only\" style=\"margin-top:10px;margin-bottom:20px;height:1px;\"><span class=\"uvc-headings-line\" style=\"border-style:solid;border-bottom-width:1px;border-color:#dcbe72;width:40px;\"><\/span><\/div><div class=\"uvc-sub-heading ult-responsive\"  data-ultimate-target='.uvc-heading.ultimate-heading-890869e2f05d7483a .uvc-sub-heading '  data-responsive-json-new='{\"font-size\":\"\",\"line-height\":\"\"}'  style=\"font-weight:normal;\"><span class=\"highlightNode\">&#8211; NTA Serviced Apartments<\/span>\u00a0xu\u1ea5t hi\u1ec7n tr\u00ean t\u1ea1p ch\u00ed Ki\u1ebfn Tr\u00fac v\u00e0 \u0110\u1eddi S\u1ed1ng &#8211; H\u1ed9i Ki\u1ebfn tr\u00fac s\u01b0 Th\u00e0nh ph\u1ed1 H\u1ed3 Ch\u00ed Minh, S\u1ed1 149 &#8211; Th\u00e1ng 10.2018. Xin m\u1eddi Qu\u00fd Kh\u00e1ch \u0111\u00f3n \u0111\u1ecdc chuy\u00ean san s\u1ebd ph\u00e1t h\u00e0nh trong th\u00e1ng 10 v\u1edbi c\u00e1c th\u00f4ng tin v\u00e0 h\u00ecnh \u1ea3nh \u0111\u1eb9p m\u1eaft c\u1ee7a c\u00e1c c\u0103n h\u1ed9 t\u1ea1i\u00a0<span class=\"highlightNode\">NTA<\/span>. Ho\u1eb7c gh\u00e9 v\u00e0o link:\u00a0<a href=\"https:\/\/www.facebook.com\/kientrucvadoisong\/?__xts__%5B0%5D=68.ARDFde62_LULyGbmYJiHnzCmRL1TQVRWwgb2kOZDXNTHsezQC4xGmYo4K0ENHvYMmeJbtODXwt-usqUjSSF5YjWiyusjF82sS7qEKDBzy02gA8dN8xcEe19cEnefjaqFy2yxntozYsH0gD2pAEsuCYWBB1pJJY2ZJqHOo5Sg3OvuwQKgXsU3wQ&amp;__tn__=-UK-R\" data-ft=\"{&quot;tn&quot;:&quot;-U&quot;}\">www.facebook.com\/kientrucvadoisong\/<\/a>\u00a0\u0111\u1ec3 c\u1eadp nh\u1eadt th\u00eam th\u00f4ng tin v\u1ec1<span class=\"highlightNode\">NTA<\/span>\u00a0<span class=\"_47e3 _5mfr\" title=\"Bi\u1ec3u t\u01b0\u1ee3ng c\u1ea3m x\u00fac smile\"><img loading=\"lazy\" class=\"img\" role=\"presentation\" src=\"https:\/\/static.xx.fbcdn.net\/images\/emoji.php\/v9\/f4c\/1\/16\/1f642.png\" alt=\"\" width=\"16\" height=\"16\" \/><span class=\"_7oe\" aria-hidden=\"true\">\ud83d\ude42<\/span><\/span>.<\/p>\n<p>&#8211; Ch\u00fang t\u00f4i r\u1ea5t h\u00e2n h\u1ea1nh \u0111\u01b0\u1ee3c ch\u00e0o \u0111\u00f3n v\u00e0 ph\u1ee5c v\u1ee5 Qu\u00fd Kh\u00e1ch !!<\/div><\/div>[\/vc_column_inner][\/vc_row_inner][\/vc_column][vc_column offset=&#8221;vc_col-lg-8 vc_col-md-7&#8243;][\/vc_column][\/vc_row][vc_row full_width=&#8221;stretch_row_content_no_spaces&#8221;][vc_column css=&#8221;.vc_custom_1516460459015{padding-top: 0px !important;}&#8221;]<div id=\"modal-trg-txt-wrap-5147\" class=\"ult-modal-input-wrapper ult-adjust-bottom-margin    \"  ><span data-class-id=\"content-69e2f05d748e98-24707326\"><\/span>\n\t\t\t\t<script type=\"text\/javascript\">\n\t\t\t\t(function($){\n\t\t\t\t\t$(document).ready(function(){\n\t\t\t\t\t\tvar selector = \".btn-dang-ky\";\n\t\t\t\t\t\t$(selector).addClass(\"custom-ult-modal overlay-show\");\n\t\t\t\t\t\t$(selector).attr(\"data-class-id\", \"content-69e2f05d748e98-24707326\");\n\t\t\t\t\t\t$(selector).attr(\"data-overlay-class\", \"overlay-slidedown\");\n\t\t\t\t\t\t$(selector).attr(\"data-keypress-control\", \"\");\n\t\t\t\t\t\t$(selector).attr(\"data-overlay-control\", \"\");\n\t\t\t\t\t});\n\t\t\t\t})(jQuery);\n\t\t\t\t<\/script><\/div>\n<div class=\"ult-overlay content-69e2f05d748e98-24707326 \" data-class=\"content-69e2f05d748e98-24707326\" id=\"button-click-overlay\" style=\"background:rgba(0,0,0,0.8); display:none;\">\n\t<div class=\"ult_modal ult-fade ult-small\">\n\t<div class=\"ult-overlay-close popup-top-right\" style=\"width:30px;height:30px;  \"><div class=\"ult-overlay-close-inside\">Close<\/div><\/div>\n\t\t<div id=\"ult-modal-wrap-8327\" class=\"ult_modal-content ult-hide\" style=\"border-style:solid;border-width:2px;border-radius:0px;border-color:#333333;\">\n\t\t\t<div  data-ultimate-target='#ult-modal-wrap-8327 .ult_modal-body'  data-responsive-json-new='{\"font-size\":\"desktop:12px;\",\"line-height\":\"desktop:16px;\"}'  class=\"ult_modal-body ult-responsive ult-html\" style=\"color:#033461;\">\n\t\t\t<div role=\"form\" class=\"wpcf7\" id=\"wpcf7-f4-o1\" lang=\"en-US\" dir=\"ltr\">\n<div class=\"screen-reader-response\"><p role=\"status\" aria-live=\"polite\" aria-atomic=\"true\"><\/p> <ul><\/ul><\/div>\n<form action=\"\/vi\/wp-json\/wp\/v2\/pages\/48#wpcf7-f4-o1\" method=\"post\" class=\"wpcf7-form init\" novalidate=\"novalidate\" data-status=\"init\">\n<div style=\"display: none;\">\n<input type=\"hidden\" name=\"_wpcf7\" value=\"4\" \/>\n<input type=\"hidden\" name=\"_wpcf7_version\" value=\"5.4.1\" \/>\n<input type=\"hidden\" name=\"_wpcf7_locale\" value=\"en_US\" \/>\n<input type=\"hidden\" name=\"_wpcf7_unit_tag\" value=\"wpcf7-f4-o1\" \/>\n<input type=\"hidden\" name=\"_wpcf7_container_post\" value=\"0\" \/>\n<input type=\"hidden\" name=\"_wpcf7_posted_data_hash\" value=\"\" \/>\n<\/div>\n<div class=\"contact-form-row\">\n<input type=\"hidden\" name=\"random-hash-string\" value=\"\" class=\"wpcf7-form-control wpcf7-hidden\" \/>\n<div class=\"full-column\">\n<div class=\"modal-title\">\n<h3>\u0110\u1eb6T D\u1ecaCH V\u1ee4<\/h3>\n<hr\/><\/div>\n<\/div>\n<\/div>\n<div class=\"contact-form-row\">\n<div class=\"full-column\"> <label>H\u1ecd & T\u00ean <span style=\"color: red\">*<\/span> <span class=\"wpcf7-form-control-wrap full-name\"><input type=\"text\" name=\"full-name\" value=\"\" size=\"40\" class=\"wpcf7-form-control wpcf7-text wpcf7-validates-as-required\" aria-required=\"true\" aria-invalid=\"false\" placeholder=\"H\u1ecd &amp; T\u00ean\" \/><\/span> <\/label><\/div>\n<\/div>\n<div class=\"contact-form-row form-inline\">\n<div class=\"forty-five-percent-column\"> <label>\u0110i\u1ec7n tho\u1ea1i <span style=\"color: red\">*<\/span> [intl_tel* phone-number]\n<input type=\"hidden\" name=\"is-valid-phone-number\" value=\"\" class=\"wpcf7-form-control wpcf7-hidden\" \/>\n<p> <\/label><\/div>\n<div class=\"eight-point-four-percent-column\"><\/div>\n<div class=\"forty-five-percent-column\"> <label>Email <span style=\"color: red\">*<\/span> <span class=\"wpcf7-form-control-wrap email\"><input type=\"email\" name=\"email\" value=\"\" size=\"40\" class=\"wpcf7-form-control wpcf7-text wpcf7-email wpcf7-validates-as-required wpcf7-validates-as-email\" aria-required=\"true\" aria-invalid=\"false\" placeholder=\"Email\" \/><\/span> <\/label><\/div>\n<\/div>\n<div class=\"contact-form-row\">\n<div class=\"full-column\"> <label>D\u1ecbch v\u1ee5 <span style=\"color: red\">*<\/span> <span class=\"wpcf7-form-control-wrap service\"><span class=\"wpcf7-form-control wpcf7-checkbox wpcf7-validates-as-required\"><span class=\"wpcf7-list-item first\"><label><input type=\"checkbox\" name=\"service[]\" value=\"\u0110\u01b0a r\u01b0\u1edbc\" \/><span class=\"wpcf7-list-item-label\">\u0110\u01b0a r\u01b0\u1edbc<\/span><\/label><\/span><span class=\"wpcf7-list-item last\"><label><input type=\"checkbox\" name=\"service[]\" value=\"V\u1eadn T\u1ea3i\" \/><span class=\"wpcf7-list-item-label\">V\u1eadn T\u1ea3i<\/span><\/label><\/span><\/span><\/span><\/label><\/div>\n<\/div>\n<div class=\"contact-form-row btn-action\">\n<div class=\"forty-five-percent-column\"><input type=\"submit\" value=\"G\u1eecI TH\u00d4NG TIN\" class=\"wpcf7-form-control wpcf7-submit\" \/><\/div>\n<div class=\"eight-point-four-percent-column\"><\/div>\n<div class=\"forty-five-percent-column\"> <input type=\"button\" class=\"wpcf7-form-control wpcf7-button\" id=\"btn-cancel\" value=\"H\u1ee6Y\"><\/div>\n<\/div>\n<p> <script type=\"text\/javascript\">function resetForm(){jQuery('body').find('input[type=\"text\"]').val('').removeClass('wpcf7-not-valid');jQuery('body').find('input[type=\"tel\"]').val('').removeClass('wpcf7-not-valid');jQuery('body').find('input[type=\"email\"]').val('').removeClass('wpcf7-not-valid');jQuery('body').find('.wpcf7-not-valid-tip').remove();jQuery('body').find('input[type=\"checkbox\"]').removeAttr('checked');jQuery('body').find('.wpcf7-response-output').css({'display':'none'});} jQuery('body').on('click','#btn-cancel',function(){resetForm();jQuery('body').find('.ult-overlay-close-inside').click();});function generateHashStringToContactForm7(){var output=Math.random().toString(36).substring(2,15)+Math.random().toString(36).substring(2,15);jQuery('.wpcf7-form').find('input[name=\"random-hash-string\"]').val(output);} jQuery(document).ready(function(){generateHashStringToContactForm7();});<\/script><\/p>\n<div class=\"wpcf7-response-output\" aria-hidden=\"true\"><\/div><\/form><\/div>\n\t\t\t<\/div>\n\t<\/div>\n\t<\/div>\n<\/div>[\/vc_column][\/vc_row]<\/p>\n","protected":false},"excerpt":{"rendered":"<p>[vc_row el_id=&#8221;page-heading&#8221; css=&#8221;.vc_custom_1516129488689{margin-bottom: 40px !important;}&#8221;][vc_column][\/vc_column][\/vc_row][vc_row full_width=&#8221;stretch_row_content_no_spaces&#8221; css=&#8221;.vc_custom_1523342986777{background-image: url(http:\/\/ntatower.com\/wp-content\/uploads\/2018\/02\/service-pick-up-big.jpg?id=561) !important;background-position: center !important;background-repeat: no-repeat !important;background-size: cover !important;}&#8221; el_class=&#8221;even-row&#8221; el_id=&#8221;dua-ruoc&#8221;][vc_column width=&#8221;1\/12&#8243;][\/vc_column][vc_column offset=&#8221;vc_col-lg-3 vc_col-md-4 vc_col-xs-12&#8243;][vc_row_inner el_class=&#8221;primary-content&#8221;][vc_column_inner][\/vc_column_inner][\/vc_row_inner][\/vc_column][vc_column offset=&#8221;vc_col-lg-8 vc_col-md-7 vc_col-xs-12&#8243;][\/vc_column][\/vc_row][vc_row full_width=&#8221;stretch_row_content_no_spaces&#8221; css=&#8221;.vc_custom_1523342960673{background-image: url(http:\/\/ntatower.com\/wp-content\/uploads\/2018\/02\/service-transition-big.jpg?id=562) !important;background-position: center !important;background-repeat: no-repeat !important;background-size: cover !important;}&#8221; el_class=&#8221;odd-row&#8221; el_id=&#8221;van-tai&#8221;][vc_column offset=&#8221;vc_col-lg-8 vc_col-md-7&#8243;][\/vc_column][vc_column offset=&#8221;vc_col-lg-3 vc_col-md-4&#8243;][vc_row_inner el_class=&#8221;primary-content&#8221;][vc_column_inner][\/vc_column_inner][\/vc_row_inner][\/vc_column][vc_column width=&#8221;1\/12&#8243;][\/vc_column][\/vc_row][vc_row full_width=&#8221;stretch_row_content_no_spaces&#8221; css=&#8221;.vc_custom_1523342976077{background-image: url(http:\/\/ntatower.com\/wp-content\/uploads\/2018\/02\/image-2.png?id=563) !important;background-position: center !important;background-repeat: no-repeat !important;background-size: cover !important;}&#8221; el_class=&#8221;even-row&#8221; el_id=&#8221;ca-phe&#8221;][vc_column&hellip;<\/p>\n","protected":false},"author":1,"featured_media":0,"parent":0,"menu_order":0,"comment_status":"closed","ping_status":"closed","template":"","meta":[],"_links":{"self":[{"href":"https:\/\/ntatower.com\/vi\/wp-json\/wp\/v2\/pages\/48"}],"collection":[{"href":"https:\/\/ntatower.com\/vi\/wp-json\/wp\/v2\/pages"}],"about":[{"href":"https:\/\/ntatower.com\/vi\/wp-json\/wp\/v2\/types\/page"}],"author":[{"embeddable":true,"href":"https:\/\/ntatower.com\/vi\/wp-json\/wp\/v2\/users\/1"}],"replies":[{"embeddable":true,"href":"https:\/\/ntatower.com\/vi\/wp-json\/wp\/v2\/comments?post=48"}],"version-history":[{"count":44,"href":"https:\/\/ntatower.com\/vi\/wp-json\/wp\/v2\/pages\/48\/revisions"}],"predecessor-version":[{"id":1393,"href":"https:\/\/ntatower.com\/vi\/wp-json\/wp\/v2\/pages\/48\/revisions\/1393"}],"wp:attachment":[{"href":"https:\/\/ntatower.com\/vi\/wp-json\/wp\/v2\/media?parent=48"}],"curies":[{"name":"wp","href":"https:\/\/api.w.org\/{rel}","templated":true}]}}