{"id":206,"date":"2018-01-17T00:18:28","date_gmt":"2018-01-16T17:18:28","guid":{"rendered":"https:\/\/ntatower.naughtyvision.co\/?page_id=206"},"modified":"2018-01-30T15:14:42","modified_gmt":"2018-01-30T08:14:42","slug":"dieu-khoan-su-dung","status":"publish","type":"page","link":"https:\/\/ntatower.com\/vi\/dieu-khoan-su-dung\/","title":{"rendered":"\u0110i\u1ec1u Kho\u1ea3n S\u1eed D\u1ee5ng"},"content":{"rendered":"<p>[vc_row][vc_column]<div class=\"templatera_shortcode\"><div id=\"page-heading\" class=\"vc_row wpb_row vc_row-fluid\"><div class=\"wpb_column vc_column_container vc_col-sm-12\"><div class=\"vc_column-inner \"><div class=\"wpb_wrapper\"><div id=\"ultimate-heading-46936a07eb7dbef83\" class=\"uvc-heading ult-adjust-bottom-margin ultimate-heading-46936a07eb7dbef83 uvc-9432 \" data-hspacer=\"line_only\"  data-halign=\"left\" style=\"text-align:left\"><div class=\"uvc-main-heading ult-responsive\"  data-ultimate-target='.uvc-heading.ultimate-heading-46936a07eb7dbef83 h3'  data-responsive-json-new='{\"font-size\":\"\",\"line-height\":\"\"}' ><h3 style=\"font-weight:bold;\">GI\u1edaI THI\u1ec6U<\/h3><\/div><div class=\"uvc-heading-spacer line_only\" style=\"margin-top:10px;height:1px;\"><span class=\"uvc-headings-line\" style=\"border-style:solid;border-bottom-width:1px;border-color:#dcbe72;width:50px;\"><\/span><\/div><\/div><div id=\"navigation-link\" class=\"vc_row wpb_row vc_inner vc_row-fluid\"><div class=\"wpb_column vc_column_container vc_col-sm-6 vc_col-xs-6\"><div class=\"vc_column-inner \"><div class=\"wpb_wrapper\"><span id=\"creative-link-wrap-4033\" class=\"ult_main_cl ult-adjust-bottom-margin  \" >\n\t \t\t\t<span class=\"  ult_crlink\" >\n\t\t\t\t\t<a  data-ultimate-target='#creative-link-wrap-4033 .ult_colorlink'  data-responsive-json-new='{\"font-size\":\"desktop:18px;mobile:13px;\",\"line-height\":\"desktop:22px;mobile:17px;\"}'  href=\"\/vi\/gioi-thieu\"  class=\"ult_colorlink ult-responsive \" style=\"float:right;font-weight:normal; \"  data-textcolor=\"#9c6b00\" data-texthover=\"#9c6b00\"data-style=\"\">\n\t\t\t\t\t\t\n\t\t\t\t\t\t<span data-hover=\"V\u1ec0 CH\u00daNG T\u00d4I\" style=\"color:#9c6b00;;;\" class=\"ult_btn10_span   \">V\u1ec0 CH\u00daNG T\u00d4I<\/span>\n\t\t\t\t\t\t\n\t\t\t\t\t<\/a>\n\t\t\t\t<\/span>\n\t\t\t<\/span><\/div><\/div><\/div><div class=\"wpb_column vc_column_container vc_col-sm-6 vc_col-xs-6\"><div class=\"vc_column-inner \"><div class=\"wpb_wrapper\"><span id=\"creative-link-wrap-8979\" class=\"ult_main_cl ult-adjust-bottom-margin  \" >\n\t \t\t\t<span class=\"  ult_crlink\" >\n\t\t\t\t\t<a  data-ultimate-target='#creative-link-wrap-8979 .ult_colorlink'  data-responsive-json-new='{\"font-size\":\"desktop:18px;mobile:13px;\",\"line-height\":\"desktop:22px;mobile:17px;\"}'  href=\"\/vi\/dieu-khoan-su-dung\"  class=\"ult_colorlink ult-responsive \" style=\"float:left;font-weight:normal; \"  data-textcolor=\"#cccccc\" data-texthover=\"#9c6b00\"data-style=\"\">\n\t\t\t\t\t\t\n\t\t\t\t\t\t<span data-hover=\"\u0110I\u1ec0U KHO\u1ea2N S\u1eec D\u1ee4NG\" style=\"color:#cccccc;;;\" class=\"ult_btn10_span   \">\u0110I\u1ec0U KHO\u1ea2N S\u1eec D\u1ee4NG<\/span>\n\t\t\t\t\t\t\n\t\t\t\t\t<\/a>\n\t\t\t\t<\/span>\n\t\t\t<\/span><\/div><\/div><\/div><\/div><\/div><\/div><\/div><\/div><\/div>[\/vc_column][\/vc_row][vc_row full_width=&#8221;stretch_row_content_no_spaces&#8221; el_id=&#8221;main-banner-bg&#8221; css=&#8221;.vc_custom_1516123643175{margin-top: 20px !important;background-image: url(http:\/\/ntatower.com\/wp-content\/uploads\/2018\/01\/dieu-khoan-su-dung-bg.jpg?id=210) !important;background-position: center !important;background-repeat: no-repeat !important;background-size: cover !important;}&#8221;][vc_column][\/vc_column][\/vc_row][vc_row el_id=&#8221;primary-content&#8221;][vc_column][vc_tta_tour style=&#8221;modern&#8221; shape=&#8221;square&#8221; active_section=&#8221;1&#8243; no_fill_content_area=&#8221;true&#8221;][vc_tta_section title=&#8221;I. T\u1ed5ng qu\u00e1t v\u1ec1 s\u1eed d\u1ee5ng trang web&#8221; tab_id=&#8221;1516123781475-1222d67c-e95a&#8221;]<div id=\"ultimate-heading-91846a07eb7dc11c0\" class=\"uvc-heading ult-adjust-bottom-margin ultimate-heading-91846a07eb7dc11c0 uvc-4697 \" data-hspacer=\"no_spacer\"  data-halign=\"left\" style=\"text-align:left\"><div class=\"uvc-heading-spacer no_spacer\" style=\"top\"><\/div><div class=\"uvc-main-heading ult-responsive\"  data-ultimate-target='.uvc-heading.ultimate-heading-91846a07eb7dc11c0 h4'  data-responsive-json-new='{\"font-size\":\"\",\"line-height\":\"\"}' ><h4 style=\"font-weight:bold;color:#033461;margin-bottom:20px;\">I. T\u1ed5ng qu\u00e1t v\u1ec1 s\u1eed d\u1ee5ng trang web<\/h4><\/div><div class=\"uvc-sub-heading ult-responsive\"  data-ultimate-target='.uvc-heading.ultimate-heading-91846a07eb7dc11c0 .uvc-sub-heading '  data-responsive-json-new='{\"font-size\":\"\",\"line-height\":\"\"}'  style=\"font-weight:normal;\">Trang web n\u00e0y v\u00e0 c\u00e1c trang li\u00ean quan (g\u1ecdi chung l\u00e0 &#8220;trang web&#8221;) gi\u00fap cho vi\u1ec7c hi\u1ec3n th\u1ecb th\u00f4ng tin chung v\u1ec1 kh\u00e1ch s\u1ea1n, do NTA Tower qu\u1ea3n l\u00fd. Khi truy c\u1eadp v\u00e0 s\u1eed d\u1ee5ng trang web n\u00e0y, Qu\u00fd kh\u00e1ch \u0111\u1ed3ng \u00fd b\u1ecb r\u00e0ng bu\u1ed9c b\u1edfi c\u00e1c \u0111i\u1ec1u kho\u1ea3n v\u00e0 \u0111i\u1ec1u ki\u1ec7n d\u01b0\u1edbi \u0111\u00e2y, vui l\u00f2ng \u0111\u1ecdc k\u1ef9 ph\u1ea7n tr\u01b0\u1edbc khi ti\u1ebfp t\u1ee5c. NTA Tower c\u00f3 quy\u1ec1n thay \u0111\u1ed5i, ch\u1ec9nh s\u1eeda, th\u00eam ho\u1eb7c lo\u1ea1i b\u1ecf nh\u1eefng \u0111i\u1ec1u kho\u1ea3n n\u00e0y b\u1ea5t c\u1ee9 l\u00fac n\u00e0o c\u0169ng nh\u01b0 thay \u0111\u1ed5i c\u00e1c d\u1ecbch v\u1ee5 \u0111\u01b0\u1ee3c m\u00f4 t\u1ea3 trong trang web b\u1ea5t c\u1ee9 l\u00fac n\u00e0o v\u00e0 kh\u00f4ng c\u1ea7n th\u00f4ng b\u00e1o hay ch\u1ecbu tr\u00e1ch nhi\u1ec7m n\u00e0o v\u1ec1 s\u1ef1 thay \u0111\u1ed5i. Vui l\u00f2ng c\u1eadp nh\u1eadt \u0111\u1ecbnh k\u1ef3 c\u00e1c \u0111i\u1ec1u kho\u1ea3n. N\u1ebfu Qu\u00fd kh\u00e1ch ti\u1ebfp t\u1ee5c s\u1eed d\u1ee5ng v\u00e0\/ho\u1eb7c truy c\u1eadp v\u00e0o trang web n\u00e0y khi c\u00f3 s\u1ef1 thay \u0111\u1ed5i v\u1ec1 ch\u00ednh s\u00e1ch v\u00e0 \/ ho\u1eb7c \u0111i\u1ec1u ki\u1ec7n sau \u0111\u00e2y \u0111\u1ed3ng ngh\u0129a l\u00e0 Qu\u00fd kh\u00e1ch ch\u1ea5p nh\u1eadn s\u1ef1 thay \u0111\u1ed5i \u0111\u00f3.<\/p>\n<p>T\u1ed4NG QU\u00c1T V\u1ec0 S\u1eec D\u1ee4NG TRANG WEB<\/p>\n<p>Quy\u1ec1n s\u1eed d\u1ee5ng ch\u1ec9 d\u00e0nh cho c\u00e1 nh\u00e2n v\u00e0 n\u1ed9i b\u1ed9. Tr\u1eeb khi c\u00f3 quy \u0111\u1ecbnh kh\u00e1c, trang web l\u00e0 d\u00e0nh cho c\u00e1 nh\u00e2n v\u00e0 ch\u1ec9 s\u1eed d\u1ee5ng n\u1ed9i b\u1ed9. Trang web thi\u1ebft k\u1ebf, v\u0103n b\u1ea3n v\u00e0 \u0111\u1ed3 h\u1ecda, v\u00e0 vi\u1ec7c l\u1ef1a ch\u1ecdn v\u00e0 s\u1eafp x\u1ebfp c\u00e1c y\u1ebfu t\u1ed1 \u0111\u00f3 \u0111\u1ec1u c\u00f3 b\u1ea3n quy\u1ec1n v\u00e0 \u0111\u01b0\u1ee3c b\u1ea3o v\u1ec7 b\u1edfi lu\u1eadt b\u1ea3n quy\u1ec1n tr\u00ean to\u00e0n th\u1ebf gi\u1edbi v\u00e0 \u0111i\u1ec1u kho\u1ea3n hi\u1ec7p \u01b0\u1edbc. Tr\u1eeb tr\u01b0\u1eddng h\u1ee3p \u0111\u01b0\u1ee3c cho ph\u00e9p r\u00f5 r\u00e0ng tr\u00ean trang web, trang web v\u00e0 c\u00e1c t\u00e0i li\u1ec7u c\u00f3 th\u1ec3 kh\u00f4ng \u0111\u01b0\u1ee3c sao ch\u00e9p, s\u1eeda \u0111\u1ed5i, xu\u1ea5t b\u1ea3n, t\u1ea3i l\u00ean, \u0111\u0103ng, truy\u1ec1n t\u1ea3i, hi\u1ec3n th\u1ecb, th\u1ef1c hi\u1ec7n, t\u00e1i s\u1ea3n xu\u1ea5t, xu\u1ea5t b\u1ea3n, gi\u1ea5y ph\u00e9p, chuy\u1ec3n nh\u01b0\u1ee3ng, ho\u1eb7c b\u00e1n b\u1ea5t k\u1ef3 th\u00f4ng tin, ph\u1ea7n m\u1ec1m, s\u1ea3n ph\u1ea9m ho\u1eb7c d\u1ecbch v\u1ee5 \u0111\u01b0\u1ee3c t\u00ecm th\u1ea5y tr\u00ean trang web n\u00e0y ho\u1eb7c ph\u00e2n ph\u1ed1i b\u1ea5t k\u1ef3 c\u00e1ch n\u00e0o m\u00e0 kh\u00f4ng c\u00f3 s\u1ef1 cho ph\u00e9p tr\u01b0\u1edbc b\u1eb1ng v\u0103n b\u1ea3n c\u1ee7a NTA Tower v\u00e0 b\u1ecb ph\u00e1p lu\u1eadt nghi\u00eam c\u1ea5m, v\u00e0 c\u00f3 th\u1ec3 d\u1eabn \u0111\u1ebfn h\u00ecnh ph\u1ea1t d\u00e2n s\u1ef1 v\u00e0 h\u00ecnh s\u1ef1 nghi\u00eam tr\u1ecdng. Ng\u01b0\u1eddi vi ph\u1ea1m s\u1ebd b\u1ecb truy t\u1ed1 \u0111\u1ebfn m\u1ee9c t\u1ed1i \u0111a c\u00f3 th\u1ec3. Tr\u1eeb khi c\u00f3 quy \u0111\u1ecbnh r\u00f5 r\u00e0ng trong t\u00e0i li\u1ec7u n\u00e0y, NTA Tower kh\u00f4ng nh\u1eadn hay ng\u1ee5 \u00fd cho Qu\u00fd kh\u00e1ch b\u1ea5t k\u1ef3 b\u1eb1ng s\u00e1ng ch\u1ebf, b\u1ea3n quy\u1ec1n, nh\u00e3n hi\u1ec7u ho\u1eb7c trao \u0111\u1ed5i th\u00f4ng tin b\u00ed m\u1eadt.<\/p>\n<p>Trong ph\u1ea1m vi t\u1ed1i \u0111a theo lu\u1eadt cho ph\u00e9p, NTA Tower kh\u00f4ng ch\u1ecbu tr\u00e1ch nhi\u1ec7m cho b\u1ea5t k\u1ef3 t\u1ed5n h\u1ea1i n\u00e0o, bao g\u1ed3m nh\u01b0ng kh\u00f4ng gi\u1edbi h\u1ea1n b\u1ea5t k\u1ef3 h\u1eadu qu\u1ea3 t\u1ed5n h\u1ea1i tr\u1ef1c ti\u1ebfp, \u0111\u1eb7c bi\u1ec7t, gi\u00e1n ti\u1ebfp n\u00e0o (bao g\u1ed3m nh\u01b0ng kh\u00f4ng gi\u1edbi h\u1ea1n, t\u1ed5n h\u1ea1i do: m\u1ea5t l\u1ee3i nhu\u1eadn, ho\u1eb7c m\u1ea5t th\u00f4ng tin, gi\u00e1n \u0111o\u1ea1n kinh doanh, th\u01b0\u01a1ng t\u00edch c\u00e1 nh\u00e2n, m\u1ea5t quy\u1ec1n ri\u00eang t\u01b0, kh\u00f4ng \u0111\u00e1p \u1ee9ng b\u1ea5t k\u1ef3 nhi\u1ec7m v\u1ee5 n\u00e0o (bao g\u1ed3m \u0111\u1ee9c tin t\u1ed1t hay ch\u0103m s\u00f3c h\u1ee3p l\u00fd, s\u01a1 su\u1ea5t, v\u00e0 m\u1ea5t ti\u1ec1n b\u1ea1c ho\u1eb7c m\u1ea5t \u0111\u1ed3 v\u1eadt n\u00e0o) ph\u00e1t sinh b\u00ean ngo\u00e0i ho\u1eb7c b\u00ean trong b\u1ea5t c\u1ee9 c\u00e1ch n\u00e0o li\u00ean quan \u0111\u1ebfn vi\u1ec7c s\u1eed d\u1ee5ng ho\u1eb7c kh\u00f4ng th\u1ec3 s\u1eed d\u1ee5ng trang web, ngay c\u1ea3 khi NTA Tower bi\u1ebft, hay n\u00ean bi\u1ebft v\u1ec1 kh\u1ea3 n\u0103ng thi\u1ec7t h\u1ea1i nh\u01b0 v\u1eady. N\u1ebfu Qu\u00fd kh\u00e1ch kh\u00f4ng h\u00e0i l\u00f2ng v\u1edbi b\u1ea5t c\u1ee9 ph\u1ea7n n\u00e0o c\u1ee7a trang web ho\u1eb7c v\u1edbi b\u1ea5t c\u1ee9 \u0111i\u1ec1u kho\u1ea3n n\u00e0o, c\u00e1ch gi\u1ea3i quy\u1ebft duy nh\u1ea5t c\u1ee7a Qu\u00fd kh\u00e1ch l\u00e0 ng\u1eebng s\u1eed d\u1ee5ng trang web. C\u00e1c gi\u1edbi h\u1ea1n n\u00eau tr\u00ean, vi\u1ec7c lo\u1ea1i tr\u1eeb v\u00e0 tuy\u00ean b\u1ed1 s\u1ebd \u0111\u01b0\u1ee3c \u00e1p d\u1ee5ng trong ph\u1ea1m vi t\u1ed1i \u0111a theo ph\u00e1p lu\u1eadt quy \u0111\u1ecbnh, ngay c\u1ea3 n\u1ebfu c\u00e1ch gi\u1ea3i quy\u1ebft kh\u00f4ng \u0111\u1ea1t m\u1ee5c \u0111\u00edch c\u1ea7n thi\u1ebft.<\/div><\/div>[\/vc_tta_section][vc_tta_section title=&#8221;II. B\u1ea3n quy\u1ec1n v\u00e0 \u0111\u1ed9c quy\u1ec1n th\u00f4ng tin quy\u1ec1n&#8221; tab_id=&#8221;1516123781505-d0dfa41d-0bf0&#8243;]<div id=\"ultimate-heading-74926a07eb7dc1229\" class=\"uvc-heading ult-adjust-bottom-margin ultimate-heading-74926a07eb7dc1229 uvc-1983 \" data-hspacer=\"no_spacer\"  data-halign=\"left\" style=\"text-align:left\"><div class=\"uvc-heading-spacer no_spacer\" style=\"top\"><\/div><div class=\"uvc-main-heading ult-responsive\"  data-ultimate-target='.uvc-heading.ultimate-heading-74926a07eb7dc1229 h4'  data-responsive-json-new='{\"font-size\":\"\",\"line-height\":\"\"}' ><h4 style=\"font-weight:bold;color:#033461;margin-bottom:20px;\">II. B\u1ea3n quy\u1ec1n v\u00e0 \u0111\u1ed9c quy\u1ec1n th\u00f4ng tin quy\u1ec1n.<\/h4><\/div><div class=\"uvc-sub-heading ult-responsive\"  data-ultimate-target='.uvc-heading.ultimate-heading-74926a07eb7dc1229 .uvc-sub-heading '  data-responsive-json-new='{\"font-size\":\"\",\"line-height\":\"\"}'  style=\"font-weight:normal;\">Trang web c\u00f3 th\u1ec3 c\u00f3 l\u1ed7i k\u1ef9 thu\u1eadt ho\u1eb7c l\u1ed7i \u0111\u00e1nh m\u00e1y ho\u1eb7c thi\u1ebfu s\u00f3t n\u00e0o \u0111\u00f3, NTA Tower c\u00f3 quy\u1ec1n thay \u0111\u1ed5i, ch\u1ec9nh s\u1eeda v\u00e0 ho\u1eb7c c\u1ea3i ti\u1ebfn trang web c\u0169ng nh\u01b0 \u0111\u1ed1i v\u1edbi c\u00e1c d\u1ecbch v\u1ee5 v\u00e0 ch\u01b0\u01a1ng tr\u00ecnh \u0111\u01b0\u1ee3c m\u00f4 t\u1ea3 trong web b\u1ea5t c\u1ee9 l\u00fac n\u00e0o m\u00e0 kh\u00f4ng c\u1ea7n th\u00f4ng b\u00e1o tr\u01b0\u1edbc. Trang web n\u00e0y c\u00f3 ch\u1ee9a t\u00e0i li\u1ec7u tham kh\u1ea3o v\u00e0 c\u00e1c nh\u00e3n hi\u1ec7u, b\u1eb1ng s\u00e1ng ch\u1ebf, b\u00ed m\u1eadt th\u01b0\u01a1ng m\u1ea1i, c\u00f4ng ngh\u1ec7, s\u1ea3n ph\u1ea9m, quy tr\u00ecnh ho\u1eb7c c\u00e1c quy\u1ec1n s\u1edf h\u1eefu kh\u00e1c c\u1ee7a NTA Tower v\u00e0 \/ ho\u1eb7c c\u00e1c b\u00ean kh\u00e1c. Qu\u00fd kh\u00e1ch kh\u00f4ng \u0111\u01b0\u1ee3c c\u1ea5p gi\u1ea5y ph\u00e9p ho\u1eb7c quy\u1ec1n s\u1eed d\u1ee5ng nh\u00e3n hi\u1ec7u, b\u1eb1ng s\u00e1ng ch\u1ebf, b\u00ed m\u1eadt th\u01b0\u01a1ng m\u1ea1i, c\u00f4ng ngh\u1ec7, s\u1ea3n ph\u1ea9m, quy tr\u00ecnh v\u00e0 c\u00e1c quy\u1ec1n s\u1edf h\u1eefu kh\u00e1c c\u1ee7a NTA Tower. S\u1ef1 t\u00e1i s\u1ea3n xu\u1ea5t ho\u1eb7c l\u01b0u tr\u1eef c\u00e1c t\u00e0i li\u1ec7u thu \u0111\u01b0\u1ee3c t\u1eeb c\u00e1c trang web n\u00e0y \u0111\u01b0\u1ee3c qu\u1ea3n l\u00fd b\u1edfi lu\u1eadt ph\u00e1p Vi\u1ec7t Nam.<\/p>\n<p>T\u1ea5t c\u1ea3 c\u00e1c logo NTA Tower v\u00e0 t\u00ean s\u1ea3n ph\u1ea9m, d\u1ecbch v\u1ee5 l\u00e0 c\u00e1c th\u01b0\u01a1ng hi\u1ec7u c\u1ee7a NTA Tower. B\u1ea5t k\u1ef3 s\u1ef1 sao ch\u00e9p ho\u1eb7c s\u1eed d\u1ee5ng n\u1ed9i dung c\u1ee7a trang web n\u00e0y m\u00e0 kh\u00f4ng c\u00f3 s\u1ef1 \u0111\u1ed3ng \u00fd b\u1eb1ng v\u0103n b\u1ea3n c\u1ee7a NTA Tower l\u00e0 b\u1ecb c\u1ea5m tuy\u1ec7t \u0111\u1ed1i.<\/div><\/div>[\/vc_tta_section][vc_tta_section title=&#8221;III. Li\u00ean k\u1ebft \u0111\u1ebfn c\u00e1c trang web kh\u00e1c&#8221; tab_id=&#8221;1516123860024-543c802c-5726&#8243;]<div id=\"ultimate-heading-54786a07eb7dc127d\" class=\"uvc-heading ult-adjust-bottom-margin ultimate-heading-54786a07eb7dc127d uvc-3559 \" data-hspacer=\"no_spacer\"  data-halign=\"left\" style=\"text-align:left\"><div class=\"uvc-heading-spacer no_spacer\" style=\"top\"><\/div><div class=\"uvc-main-heading ult-responsive\"  data-ultimate-target='.uvc-heading.ultimate-heading-54786a07eb7dc127d h4'  data-responsive-json-new='{\"font-size\":\"\",\"line-height\":\"\"}' ><h4 style=\"font-weight:bold;color:#033461;margin-bottom:20px;\">III. Li\u00ean k\u1ebft \u0111\u1ebfn c\u00e1c trang web kh\u00e1c.<\/h4><\/div><div class=\"uvc-sub-heading ult-responsive\"  data-ultimate-target='.uvc-heading.ultimate-heading-54786a07eb7dc127d .uvc-sub-heading '  data-responsive-json-new='{\"font-size\":\"\",\"line-height\":\"\"}'  style=\"font-weight:normal;\">C\u00e1c trang web li\u00ean k\u1ebft tr\u00ean trang web n\u00e0y kh\u00f4ng thu\u1ed9c s\u1ef1 ki\u1ec3m so\u00e1t c\u1ee7a NTA Tower v\u00e0 NTA Tower kh\u00f4ng ch\u1ecbu tr\u00e1ch nhi\u1ec7m v\u1ec1 n\u1ed9i dung c\u1ee7a b\u1ea5t k\u1ef3 trang web li\u00ean k\u1ebft ho\u1eb7c b\u1ea5t k\u1ef3 li\u00ean k\u1ebft n\u00e0o b\u00ean trong m\u1ed9t trang web li\u00ean k\u1ebft. NTA Tower c\u00f3 quy\u1ec1n ch\u1ea5m d\u1ee9t b\u1ea5t k\u1ef3 li\u00ean k\u1ebft ho\u1eb7c li\u00ean k\u1ebft c\u00e1c ch\u01b0\u01a1ng tr\u00ecnh b\u1ea5t c\u1ee9 l\u00fac n\u00e0o. NTA Tower cung c\u1ea5p li\u00ean k\u1ebft nh\u01b0 v\u1eady ch\u1ec9 l\u00e0 m\u1ed9t ti\u1ec7n \u00edch cho Qu\u00fd kh\u00e1ch. NTA Tower kh\u00f4ng x\u00e1c nh\u1eadn, ki\u1ec3m tra ho\u1eb7c x\u00e1c nh\u1eadn b\u1ea5t k\u1ef3 th\u00f4ng tin, ch\u01b0\u01a1ng tr\u00ecnh, c\u00f4ng ty, ho\u1eb7c c\u00e1c s\u1ea3n ph\u1ea9m tr\u00ean c\u00e1c trang web m\u00e0 n\u00f3 li\u00ean k\u1ebft. N\u1ebfu Qu\u00fd kh\u00e1ch quy\u1ebft \u0111\u1ecbnh truy c\u1eadp b\u1ea5t k\u1ef3 trang web c\u1ee7a b\u00ean th\u1ee9 ba li\u00ean quan \u0111\u1ebfn trang web n\u00e0y th\u00ec Qu\u00fd kh\u00e1ch ho\u00e0n to\u00e0n ch\u1ecbu r\u1ee7i ro ri\u00eang m\u00ecnh.<\/div><\/div>[\/vc_tta_section][vc_tta_section title=&#8221;IV. Tr\u01b0\u1eddng h\u1ee3p tranh ch\u1ea5p&#8221; tab_id=&#8221;1516123887520-f60e6ff7-bcb9&#8243;]<div id=\"ultimate-heading-42066a07eb7dc12be\" class=\"uvc-heading ult-adjust-bottom-margin ultimate-heading-42066a07eb7dc12be uvc-1445 \" data-hspacer=\"no_spacer\"  data-halign=\"left\" style=\"text-align:left\"><div class=\"uvc-heading-spacer no_spacer\" style=\"top\"><\/div><div class=\"uvc-main-heading ult-responsive\"  data-ultimate-target='.uvc-heading.ultimate-heading-42066a07eb7dc12be h4'  data-responsive-json-new='{\"font-size\":\"\",\"line-height\":\"\"}' ><h4 style=\"font-weight:bold;color:#033461;margin-bottom:20px;\">IV. Tr\u01b0\u1eddng h\u1ee3p tranh ch\u1ea5p.<\/h4><\/div><div class=\"uvc-sub-heading ult-responsive\"  data-ultimate-target='.uvc-heading.ultimate-heading-42066a07eb7dc12be .uvc-sub-heading '  data-responsive-json-new='{\"font-size\":\"\",\"line-height\":\"\"}'  style=\"font-weight:normal;\">B\u1ea5t k\u1ef3 tranh ch\u1ea5p ph\u00e1t sinh n\u00e0o t\u1eeb (ho\u1eb7c) li\u00ean quan \u0111\u1ebfn trang web s\u1ebd \u0111\u01b0\u1ee3c \u0111i\u1ec1u ch\u1ec9nh b\u1edfi v\u00e0 \u0111\u01b0\u1ee3c hi\u1ec3u v\u00e0 th\u1ef1c thi theo \u0111\u00fang lu\u1eadt ph\u00e1p Vi\u1ec7t Nam, c\u00e1c h\u1ee3p \u0111\u1ed3ng \u0111\u00e3 k\u00fd ph\u1ea3i \u0111\u01b0\u1ee3c th\u1ef1c hi\u1ec7n ho\u00e0n to\u00e0n t\u1ea1i Vi\u1ec7t Nam v\u00e0 theo ph\u00e1p lu\u1eadt Vi\u1ec7t Nam.<\/div><\/div>[\/vc_tta_section][vc_tta_section title=&#8221;V. Kh\u00f4ng ch\u1ea5p nh\u1eadn c\u00e1c h\u00e0nh vi s\u1eed d\u1ee5ng tr\u00e1i ph\u00e1p lu\u1eadt ho\u1eb7c b\u1ecb c\u1ea5m&#8221; tab_id=&#8221;1516123906759-90f207da-e182&#8243;]<div id=\"ultimate-heading-43316a07eb7dc1305\" class=\"uvc-heading ult-adjust-bottom-margin ultimate-heading-43316a07eb7dc1305 uvc-480 \" data-hspacer=\"no_spacer\"  data-halign=\"left\" style=\"text-align:left\"><div class=\"uvc-heading-spacer no_spacer\" style=\"top\"><\/div><div class=\"uvc-main-heading ult-responsive\"  data-ultimate-target='.uvc-heading.ultimate-heading-43316a07eb7dc1305 h4'  data-responsive-json-new='{\"font-size\":\"\",\"line-height\":\"\"}' ><h4 style=\"font-weight:bold;color:#033461;margin-bottom:20px;\">V. Kh\u00f4ng ch\u1ea5p nh\u1eadn c\u00e1c h\u00e0nh vi s\u1eed d\u1ee5ng tr\u00e1i ph\u00e1p lu\u1eadt ho\u1eb7c b\u1ecb c\u1ea5m<\/h4><\/div><div class=\"uvc-sub-heading ult-responsive\"  data-ultimate-target='.uvc-heading.ultimate-heading-43316a07eb7dc1305 .uvc-sub-heading '  data-responsive-json-new='{\"font-size\":\"\",\"line-height\":\"\"}'  style=\"font-weight:normal;\">Nh\u01b0 l\u00e0 m\u1ed9t \u0111i\u1ec1u ki\u1ec7n c\u1ee7a vi\u1ec7c s\u1eed d\u1ee5ng c\u1ee7a Qu\u00fd kh\u00e1ch \u0111\u1ed1i v\u1edbi vi\u1ec7c truy c\u1eadp trang web, Qu\u00fd kh\u00e1ch b\u1ea3o \u0111\u1ea3m v\u1edbi NTA Tower r\u1eb1ng s\u1ebd kh\u00f4ng s\u1eed d\u1ee5ng trang web cho b\u1ea5t c\u1ee9 m\u1ee5c \u0111\u00edch tr\u00e1i ph\u00e1p lu\u1eadt ho\u1eb7c b\u1ecb c\u1ea5m b\u1edfi nh\u1eefng \u0111i\u1ec1u kho\u1ea3n n\u00e0y. B\u1ea1n kh\u00f4ng th\u1ec3 s\u1eed d\u1ee5ng trang web b\u1eb1ng b\u1ea5t c\u1ee9 c\u00e1ch n\u00e0o c\u00f3 th\u1ec3 g\u00e2y t\u1ed5n h\u1ea1i, g\u00e2y qu\u00e1 t\u1ea3i hay g\u00e2y \u1ea3nh h\u01b0\u1edfng t\u1edbi s\u1ef1 v\u1eadn h\u00e0nh c\u1ee7a NTA Tower ho\u1eb7c g\u00e2y tr\u1edf ng\u1ea1i \u0111\u1ebfn vi\u1ec7c s\u1eed d\u1ee5ng c\u1ee7a nh\u1eefng ng\u01b0\u1eddi kh\u00e1c \u0111\u1ed1i v\u1edbi trang web. B\u1ea1n kh\u00f4ng \u0111\u01b0\u1ee3c l\u1ea5y ho\u1eb7c c\u1ed1 l\u1ea5y b\u1ea5t c\u1ee9 th\u00e0nh ph\u1ea7n ho\u1eb7c th\u00f4ng tin n\u00e0o kh\u00f4ng \u0111\u01b0\u1ee3c cung c\u1ea5p c\u00f3 ch\u1ee7 \u0111\u00edch b\u1edfi NTA Tower d\u01b0\u1edbi m\u1ecdi h\u00ecnh th\u1ee9c.<\/div><\/div>[\/vc_tta_section][vc_tta_section title=&#8221;VI. Th\u1ecfa thu\u1eadn chung&#8221; tab_id=&#8221;1516865838047-c1c472da-a81f&#8221;]<div id=\"ultimate-heading-91386a07eb7dc1346\" class=\"uvc-heading ult-adjust-bottom-margin ultimate-heading-91386a07eb7dc1346 uvc-5955 \" data-hspacer=\"no_spacer\"  data-halign=\"left\" style=\"text-align:left\"><div class=\"uvc-heading-spacer no_spacer\" style=\"top\"><\/div><div class=\"uvc-main-heading ult-responsive\"  data-ultimate-target='.uvc-heading.ultimate-heading-91386a07eb7dc1346 h4'  data-responsive-json-new='{\"font-size\":\"\",\"line-height\":\"\"}' ><h4 style=\"font-weight:bold;color:#033461;margin-bottom:20px;\">VI. Th\u1ecfa thu\u1eadn chung<\/h4><\/div><div class=\"uvc-sub-heading ult-responsive\"  data-ultimate-target='.uvc-heading.ultimate-heading-91386a07eb7dc1346 .uvc-sub-heading '  data-responsive-json-new='{\"font-size\":\"\",\"line-height\":\"\"}'  style=\"font-weight:normal;\">Qu\u00fd kh\u00e1ch cam k\u1ebft kh\u00f4ng c\u00f3 s\u1ef1 li\u00ean doanh, h\u1ee3p t\u00e1c, quan h\u1ec7 lao \u0111\u1ed9ng, ho\u1eb7c c\u01a1 quan m\u00f4i gi\u1edbi n\u00e0o t\u1ed3n t\u1ea1i gi\u1eefa m\u00ecnh v\u00e0 NTA Tower, \u0111\u00e2y l\u00e0 m\u1ed9t b\u1ea3n tho\u1ea3 thu\u1eadn cho vi\u1ec7c s\u1eed d\u1ee5ng c\u1ee7a trang web. C\u00e1c quy\u1ec1n l\u1ee3i kh\u00f4ng \u0111\u01b0\u1ee3c c\u1ea5p cho Qu\u00fd kh\u00e1ch \u1edf \u0111\u00e2y \u0111\u01b0\u1ee3c b\u1ea3o v\u1ec7 b\u1edfi NTA Tower.<\/div><\/div>[\/vc_tta_section][\/vc_tta_tour][\/vc_column][\/vc_row]<\/p>\n","protected":false},"excerpt":{"rendered":"<p>GI\u1edaI THI\u1ec6U V\u1ec0 CH\u00daNG T\u00d4I \u0110I\u1ec0U KHO\u1ea2N S\u1eec D\u1ee4NG<\/p>\n","protected":false},"author":1,"featured_media":0,"parent":0,"menu_order":0,"comment_status":"closed","ping_status":"closed","template":"","meta":[],"_links":{"self":[{"href":"https:\/\/ntatower.com\/vi\/wp-json\/wp\/v2\/pages\/206"}],"collection":[{"href":"https:\/\/ntatower.com\/vi\/wp-json\/wp\/v2\/pages"}],"about":[{"href":"https:\/\/ntatower.com\/vi\/wp-json\/wp\/v2\/types\/page"}],"author":[{"embeddable":true,"href":"https:\/\/ntatower.com\/vi\/wp-json\/wp\/v2\/users\/1"}],"replies":[{"embeddable":true,"href":"https:\/\/ntatower.com\/vi\/wp-json\/wp\/v2\/comments?post=206"}],"version-history":[{"count":14,"href":"https:\/\/ntatower.com\/vi\/wp-json\/wp\/v2\/pages\/206\/revisions"}],"predecessor-version":[{"id":466,"href":"https:\/\/ntatower.com\/vi\/wp-json\/wp\/v2\/pages\/206\/revisions\/466"}],"wp:attachment":[{"href":"https:\/\/ntatower.com\/vi\/wp-json\/wp\/v2\/media?parent=206"}],"curies":[{"name":"wp","href":"https:\/\/api.w.org\/{rel}","templated":true}]}}