{"id":2,"date":"2018-01-03T16:17:20","date_gmt":"2018-01-03T16:17:20","guid":{"rendered":"https:\/\/ntatower.naughtyvision.co\/?page_id=2"},"modified":"2024-06-14T13:57:10","modified_gmt":"2024-06-14T06:57:10","slug":"trang-chu","status":"publish","type":"page","link":"https:\/\/ntatower.com\/vi\/","title":{"rendered":"Trang Ch\u1ee7"},"content":{"rendered":"<p>[vc_row bg_type=&#8221;bg_color&#8221; el_id=&#8221;cac-loai-hinh-cho-thue&#8221; bg_color_value=&#8221;#ddb57a&#8221;][vc_column width=&#8221;1\/6&#8243;][\/vc_column][vc_column width=&#8221;2\/3&#8243;][vc_row_inner][vc_column_inner]<div id=\"ultimate-heading-16269e581fc98afb\" class=\"uvc-heading ult-adjust-bottom-margin ultimate-heading-16269e581fc98afb uvc-1439 \" data-hspacer=\"line_only\"  data-halign=\"left\" style=\"text-align:left\"><div class=\"uvc-main-heading ult-responsive\"  data-ultimate-target='.uvc-heading.ultimate-heading-16269e581fc98afb h3'  data-responsive-json-new='{\"font-size\":\"\",\"line-height\":\"\"}' ><h3 style=\"font-weight:bold;\">C\u00c1C LO\u1ea0I H\u00ccNH CHO THU\u00ca<\/h3><\/div><div class=\"uvc-heading-spacer line_only\" style=\"margin-top:10px;height:1px;\"><span class=\"uvc-headings-line\" style=\"border-style:solid;border-bottom-width:1px;border-color:#dcbe72;width:100px;\"><\/span><\/div><\/div>[\/vc_column_inner][\/vc_row_inner][vc_row_inner gap=&#8221;30&#8243; el_id=&#8221;primary-content&#8221; css=&#8221;.vc_custom_1515256747732{margin-top: 20px !important;}&#8221;][vc_column_inner width=&#8221;1\/2&#8243; css=&#8221;.vc_custom_1718348216661{background-image: url(http:\/\/ntatower.com\/wp-content\/uploads\/2024\/06\/VP-cho-thue\u0302.jpg?id=2159) !important;background-position: center !important;background-repeat: no-repeat !important;background-size: cover !important;}&#8221;][vc_custom_heading text=&#8221;V\u0102N PH\u00d2NG&#8221; font_container=&#8221;tag:h3|text_align:left|color:%23033461&#8243; use_theme_fonts=&#8221;yes&#8221; el_class=&#8221;post-title&#8221; link=&#8221;|||&#8221;]<a href=\"http:\/\/ntatower.com\/vi\/van-phong\/\" class=\"default-btn-shortcode dt-btn dt-btn-m btn-action btn-inline-left \" id=\"default-btn-0dbec03572405ba6ed28889244cd6a22\"><span>T\u00ccM HI\u1ec2U<\/span><\/a>[\/vc_column_inner][vc_column_inner width=&#8221;1\/2&#8243; css=&#8221;.vc_custom_1534906601472{background-image: url(http:\/\/ntatower.com\/wp-content\/uploads\/2018\/07\/4-Studio-Suite_KV-P.Bep-va-P.Ngu_-1.jpg?id=1340) !important;background-position: center !important;background-repeat: no-repeat !important;background-size: cover !important;}&#8221;][vc_custom_heading text=&#8221;C\u0102N H\u1ed8&#8221; font_container=&#8221;tag:h3|text_align:left|color:%23033461&#8243; use_theme_fonts=&#8221;yes&#8221; el_class=&#8221;post-title&#8221; link=&#8221;|||&#8221;]<a href=\"http:\/\/ntatower.com\/vi\/can-ho\/\" class=\"default-btn-shortcode dt-btn dt-btn-m btn-action btn-inline-left \" id=\"default-btn-4fc27d574b478d87f03edaee5b4422a1\"><span>T\u00ccM HI\u1ec2U<\/span><\/a>[\/vc_column_inner][\/vc_row_inner][\/vc_column][\/vc_row][vc_row full_width=&#8221;stretch_row_content_no_spaces&#8221; css=&#8221;.vc_custom_1534907501515{background-color: rgba(220,190,114,0.2) !important;*background-color: rgb(220,190,114) !important;}&#8221; el_id=&#8221;dich-vu&#8221;][vc_column][vc_row_inner][vc_column_inner]<div id=\"ultimate-heading-776769e581fc98d64\" class=\"uvc-heading ult-adjust-bottom-margin ultimate-heading-776769e581fc98d64 uvc-4410 \" data-hspacer=\"line_only\"  data-halign=\"left\" style=\"text-align:left\"><div class=\"uvc-main-heading ult-responsive\"  data-ultimate-target='.uvc-heading.ultimate-heading-776769e581fc98d64 h3'  data-responsive-json-new='{\"font-size\":\"\",\"line-height\":\"\"}' ><h3 style=\"font-weight:bold;\">D\u1ecaCH V\u1ee4<\/h3><\/div><div class=\"uvc-heading-spacer line_only\" style=\"margin-top:10px;height:1px;\"><span class=\"uvc-headings-line\" style=\"border-style:solid;border-bottom-width:1px;border-color:#dcbe72;width:50px;\"><\/span><\/div><\/div>[vc_row_inner equal_height=&#8221;yes&#8221; gap=&#8221;30&#8243; css=&#8221;.vc_custom_1625109737716{margin-top: 35px !important;}&#8221; el_id=&#8221;primary-content&#8221;][\/vc_row_inner][vc_column_inner offset=&#8221;vc_col-lg-4 vc_col-md-4 vc_col-xs-12&#8243;][\/vc_column_inner]<div class=\"aio-icon-component    style_1\"><a class=\"aio-icon-box-link\" href=\"http:\/\/ntatower.com\/vi\/dich-vu\/#!\/dua-ruoc\" ><div id=\"Info-box-wrap-6645\" class=\"aio-icon-box left-icon\" style=\"\"  ><div class=\"aio-icon-left\"><div class=\"ult-just-icon-wrapper  \"><div class=\"align-icon\" style=\"text-align:center;\">\n<div class=\"aio-icon-img \" style=\"font-size:120px;display:inline-block;\" >\n\t<img class=\"img-icon\" alt=\"null\" src=\"https:\/\/ntatower.com\/wp-content\/uploads\/2018\/02\/image-pick-up.jpg\"\/>\n<\/div><\/div><\/div><\/div><div class=\"aio-ibd-block\"><div class=\"aio-icon-header\" ><h3 class=\"aio-icon-title ult-responsive\"  data-ultimate-target='#Info-box-wrap-6645 .aio-icon-title'  data-responsive-json-new='{\"font-size\":\"desktop:18px;\",\"line-height\":\"desktop:22px;\"}'  style=\"\">\u0110\u01afA R\u01af\u1edaC<\/h3><\/div> <!-- header --><div class=\"aio-icon-description ult-responsive\"  data-ultimate-target='#Info-box-wrap-6645 .aio-icon-description'  data-responsive-json-new='{\"font-size\":\"desktop:12px;\",\"line-height\":\"desktop:17px;\"}'  style=\"color:#033461;\">V\u1edbi d\u1ecbch v\u1ee5 xe \u0111\u01b0a \u0111\u00f3n cao c\u1ea5p v\u00e0 \u0111\u00fang gi\u1edd c\u1ee7a ch\u00fang t\u00f4i ch\u1eafc ch\u1eafn s\u1ebd mang l\u1ea1i c\u1ea3m gi\u00e1c h\u00e0i l\u00f2ng v\u00e0 th\u01b0 gi\u00e3n. T\u00e0i x\u1ebf c\u1ee7a ch\u00fang t\u00f4i s\u1ebd \u0111\u00f3n qu\u00fd kh\u00e1ch \u0111\u00fang gi\u1edd b\u1eb1ng chi\u1ebfc xe sang tr\u1ecdng trang b\u1ecb \u0111i\u1ec1u h\u00f2a&#8230;<\/div> <!-- description --><\/div> <!-- aio-ibd-block --><\/div> <!-- aio-icon-box --><\/a><\/div> <!-- aio-icon-component -->[\/vc_column_inner][vc_column_inner offset=&#8221;vc_col-lg-4 vc_col-md-4 vc_col-xs-12&#8243;]<div class=\"aio-icon-component    style_1\"><a class=\"aio-icon-box-link\" href=\"http:\/\/ntatower.com\/vi\/dich-vu\/#!\/van-tai\" ><div id=\"Info-box-wrap-1752\" class=\"aio-icon-box left-icon\" style=\"\"  ><div class=\"aio-icon-left\"><div class=\"ult-just-icon-wrapper  \"><div class=\"align-icon\" style=\"text-align:center;\">\n<div class=\"aio-icon-img \" style=\"font-size:120px;display:inline-block;\" >\n\t<img class=\"img-icon\" alt=\"null\" src=\"https:\/\/ntatower.com\/wp-content\/uploads\/2018\/02\/image-transaction.jpg\"\/>\n<\/div><\/div><\/div><\/div><div class=\"aio-ibd-block\"><div class=\"aio-icon-header\" ><h3 class=\"aio-icon-title ult-responsive\"  data-ultimate-target='#Info-box-wrap-1752 .aio-icon-title'  data-responsive-json-new='{\"font-size\":\"desktop:18px;\",\"line-height\":\"desktop:22px;\"}'  style=\"\">V\u1eacN T\u1ea2I<\/h3><\/div> <!-- header --><div class=\"aio-icon-description ult-responsive\"  data-ultimate-target='#Info-box-wrap-1752 .aio-icon-description'  data-responsive-json-new='{\"font-size\":\"desktop:12px;\",\"line-height\":\"desktop:17px;\"}'  style=\"color:#033461;\">D\u1ecbch v\u1ee5 v\u1eadn chuy\u1ec3n h\u00e0ng h\u00f3a c\u1ee7a ch\u00fang t\u00f4i s\u1ebd l\u00e0m cho kh\u00e1ch h\u00e0ng th\u1ef1c s\u1ef1 an t\u00e2m khi h\u00e0ng ho\u00e1 c\u1ee7a h\u1ecd \u0111\u01b0\u1ee3c giao cho ch\u00fang t\u00f4i. Ch\u00fang t\u00f4i \u0111\u1ea3m b\u1ea3o s\u1ebd \u0111\u01b0a h\u00e0ng c\u1ee7a Qu\u00fd kh\u00e1ch \u0111\u1ebfn n\u01a1i an to\u00e0n, \u0111\u00fang l\u1ecbch tr\u00ecnh<\/div> <!-- description --><\/div> <!-- aio-ibd-block --><\/div> <!-- aio-icon-box --><\/a><\/div> <!-- aio-icon-component -->[\/vc_column_inner][\/vc_row_inner][\/vc_column][\/vc_row]<\/p>\n","protected":false},"excerpt":{"rendered":"<p>[vc_row bg_type=&#8221;bg_color&#8221; el_id=&#8221;cac-loai-hinh-cho-thue&#8221; bg_color_value=&#8221;#ddb57a&#8221;][vc_column width=&#8221;1\/6&#8243;][\/vc_column][vc_column width=&#8221;2\/3&#8243;][vc_row_inner][vc_column_inner][\/vc_column_inner][\/vc_row_inner][vc_row_inner gap=&#8221;30&#8243; el_id=&#8221;primary-content&#8221; css=&#8221;.vc_custom_1515256747732{margin-top: 20px !important;}&#8221;][vc_column_inner width=&#8221;1\/2&#8243; css=&#8221;.vc_custom_1718348216661{background-image: url(http:\/\/ntatower.com\/wp-content\/uploads\/2024\/06\/VP-cho-thue\u0302.jpg?id=2159) !important;background-position: center !important;background-repeat: no-repeat !important;background-size: cover !important;}&#8221;][vc_custom_heading text=&#8221;V\u0102N PH\u00d2NG&#8221; font_container=&#8221;tag:h3|text_align:left|color:%23033461&#8243; use_theme_fonts=&#8221;yes&#8221; el_class=&#8221;post-title&#8221; link=&#8221;|||&#8221;][\/vc_column_inner][vc_column_inner width=&#8221;1\/2&#8243; css=&#8221;.vc_custom_1534906601472{background-image: url(http:\/\/ntatower.com\/wp-content\/uploads\/2018\/07\/4-Studio-Suite_KV-P.Bep-va-P.Ngu_-1.jpg?id=1340) !important;background-position: center !important;background-repeat: no-repeat !important;background-size: cover !important;}&#8221;][vc_custom_heading text=&#8221;C\u0102N H\u1ed8&#8221; font_container=&#8221;tag:h3|text_align:left|color:%23033461&#8243; use_theme_fonts=&#8221;yes&#8221; el_class=&#8221;post-title&#8221; link=&#8221;|||&#8221;][\/vc_column_inner][\/vc_row_inner][\/vc_column][\/vc_row][vc_row full_width=&#8221;stretch_row_content_no_spaces&#8221; css=&#8221;.vc_custom_1534907501515{background-color: rgba(220,190,114,0.2) !important;*background-color: rgb(220,190,114) !important;}&#8221; el_id=&#8221;dich-vu&#8221;][vc_column][vc_row_inner][vc_column_inner][vc_row_inner equal_height=&#8221;yes&#8221; gap=&#8221;30&#8243; css=&#8221;.vc_custom_1625109737716{margin-top: 35px !important;}&#8221;&hellip;<\/p>\n","protected":false},"author":1,"featured_media":0,"parent":0,"menu_order":0,"comment_status":"closed","ping_status":"closed","template":"","meta":[],"_links":{"self":[{"href":"https:\/\/ntatower.com\/vi\/wp-json\/wp\/v2\/pages\/2"}],"collection":[{"href":"https:\/\/ntatower.com\/vi\/wp-json\/wp\/v2\/pages"}],"about":[{"href":"https:\/\/ntatower.com\/vi\/wp-json\/wp\/v2\/types\/page"}],"author":[{"embeddable":true,"href":"https:\/\/ntatower.com\/vi\/wp-json\/wp\/v2\/users\/1"}],"replies":[{"embeddable":true,"href":"https:\/\/ntatower.com\/vi\/wp-json\/wp\/v2\/comments?post=2"}],"version-history":[{"count":72,"href":"https:\/\/ntatower.com\/vi\/wp-json\/wp\/v2\/pages\/2\/revisions"}],"predecessor-version":[{"id":2161,"href":"https:\/\/ntatower.com\/vi\/wp-json\/wp\/v2\/pages\/2\/revisions\/2161"}],"wp:attachment":[{"href":"https:\/\/ntatower.com\/vi\/wp-json\/wp\/v2\/media?parent=2"}],"curies":[{"name":"wp","href":"https:\/\/api.w.org\/{rel}","templated":true}]}}