{"id":13,"date":"2018-01-04T21:43:45","date_gmt":"2018-01-04T14:43:45","guid":{"rendered":"https:\/\/ntatower.naughtyvision.co\/?page_id=13"},"modified":"2018-01-30T15:14:29","modified_gmt":"2018-01-30T08:14:29","slug":"gioi-thieu","status":"publish","type":"page","link":"https:\/\/ntatower.com\/vi\/gioi-thieu\/","title":{"rendered":"Gi\u1edbi Thi\u1ec7u"},"content":{"rendered":"<p>[vc_row][vc_column]<div class=\"templatera_shortcode\"><div id=\"page-heading\" class=\"vc_row wpb_row vc_row-fluid\"><div class=\"wpb_column vc_column_container vc_col-sm-12\"><div class=\"vc_column-inner \"><div class=\"wpb_wrapper\"><div id=\"ultimate-heading-86476a07eb61eb579\" class=\"uvc-heading ult-adjust-bottom-margin ultimate-heading-86476a07eb61eb579 uvc-5306 \" data-hspacer=\"line_only\"  data-halign=\"left\" style=\"text-align:left\"><div class=\"uvc-main-heading ult-responsive\"  data-ultimate-target='.uvc-heading.ultimate-heading-86476a07eb61eb579 h3'  data-responsive-json-new='{\"font-size\":\"\",\"line-height\":\"\"}' ><h3 style=\"font-weight:bold;\">GI\u1edaI THI\u1ec6U<\/h3><\/div><div class=\"uvc-heading-spacer line_only\" style=\"margin-top:10px;height:1px;\"><span class=\"uvc-headings-line\" style=\"border-style:solid;border-bottom-width:1px;border-color:#dcbe72;width:50px;\"><\/span><\/div><\/div><div id=\"navigation-link\" class=\"vc_row wpb_row vc_inner vc_row-fluid\"><div class=\"wpb_column vc_column_container vc_col-sm-6 vc_col-xs-6\"><div class=\"vc_column-inner \"><div class=\"wpb_wrapper\"><span id=\"creative-link-wrap-2111\" class=\"ult_main_cl ult-adjust-bottom-margin  \" >\n\t \t\t\t<span class=\"  ult_crlink\" >\n\t\t\t\t\t<a  data-ultimate-target='#creative-link-wrap-2111 .ult_colorlink'  data-responsive-json-new='{\"font-size\":\"desktop:18px;mobile:13px;\",\"line-height\":\"desktop:22px;mobile:17px;\"}'  href=\"\/vi\/gioi-thieu\"  class=\"ult_colorlink ult-responsive \" style=\"float:right;font-weight:normal; \"  data-textcolor=\"#9c6b00\" data-texthover=\"#9c6b00\"data-style=\"\">\n\t\t\t\t\t\t\n\t\t\t\t\t\t<span data-hover=\"V\u1ec0 CH\u00daNG T\u00d4I\" style=\"color:#9c6b00;;;\" class=\"ult_btn10_span   \">V\u1ec0 CH\u00daNG T\u00d4I<\/span>\n\t\t\t\t\t\t\n\t\t\t\t\t<\/a>\n\t\t\t\t<\/span>\n\t\t\t<\/span><\/div><\/div><\/div><div class=\"wpb_column vc_column_container vc_col-sm-6 vc_col-xs-6\"><div class=\"vc_column-inner \"><div class=\"wpb_wrapper\"><span id=\"creative-link-wrap-8674\" class=\"ult_main_cl ult-adjust-bottom-margin  \" >\n\t \t\t\t<span class=\"  ult_crlink\" >\n\t\t\t\t\t<a  data-ultimate-target='#creative-link-wrap-8674 .ult_colorlink'  data-responsive-json-new='{\"font-size\":\"desktop:18px;mobile:13px;\",\"line-height\":\"desktop:22px;mobile:17px;\"}'  href=\"\/vi\/dieu-khoan-su-dung\"  class=\"ult_colorlink ult-responsive \" style=\"float:left;font-weight:normal; \"  data-textcolor=\"#cccccc\" data-texthover=\"#9c6b00\"data-style=\"\">\n\t\t\t\t\t\t\n\t\t\t\t\t\t<span data-hover=\"\u0110I\u1ec0U KHO\u1ea2N S\u1eec D\u1ee4NG\" style=\"color:#cccccc;;;\" class=\"ult_btn10_span   \">\u0110I\u1ec0U KHO\u1ea2N S\u1eec D\u1ee4NG<\/span>\n\t\t\t\t\t\t\n\t\t\t\t\t<\/a>\n\t\t\t\t<\/span>\n\t\t\t<\/span><\/div><\/div><\/div><\/div><\/div><\/div><\/div><\/div><\/div>[\/vc_column][\/vc_row][vc_row full_width=&#8221;stretch_row_content_no_spaces&#8221; el_id=&#8221;main-banner-bg&#8221; css=&#8221;.vc_custom_1516949955706{margin-top: 20px !important;background-image: url(http:\/\/ntatower.com\/wp-content\/uploads\/2018\/01\/ve-chung-toi-header-bg.jpg?id=188) !important;background-position: center !important;background-repeat: no-repeat !important;background-size: cover !important;}&#8221;][vc_column][\/vc_column][\/vc_row][vc_row gap=&#8221;35&#8243; el_id=&#8221;primary-content&#8221;][vc_column css=&#8221;.vc_custom_1516121955118{padding-top: 15px !important;}&#8221; offset=&#8221;vc_col-lg-offset-0 vc_col-lg-6 vc_col-md-offset-0 vc_col-md-6 vc_col-sm-offset-0 vc_col-xs-12&#8243;][vc_column_text css=&#8221;.vc_custom_1516865344417{margin-bottom: 0px !important;}&#8221;]NTA Tower t\u1ecda l\u1ea1c ngay giao l\u1ed9 \u0110i\u1ec7n Bi\u00ean Ph\u1ee7 v\u00e0 Hai B\u00e0 Tr\u01b0ng, n\u1eb1m trong khu v\u1ef1c trung t\u00e2m c\u1ee7a th\u00e0nh ph\u1ed1 c\u00e1ch ch\u1ee3 B\u1ebfn Th\u00e0nh ch\u1ec9 h\u01a1n 1km, c\u00e1ch s\u00e2n bay T\u00e2n S\u01a1n Nh\u1ea5t kho\u1ea3ng 5km. Kh\u00e1ch s\u1ea1n bao g\u1ed3m 30 ph\u00f2ng v\u1edbi c\u00e1c lo\u1ea1i Superior, Deluxe, Executive, Suite&#8230; M\u1ed7i ph\u00f2ng \u0111\u1ec1u mang phong c\u00e1ch ri\u00eang bi\u1ec7t, \u0111\u01b0\u1ee3c trang b\u1ecb \u0111\u1ea7y \u0111\u1ee7 c\u00e1c thi\u1ebft b\u1ecb ti\u1ec7n nghi hi\u1ec7n \u0111\u1ea1i nh\u01b0 b\u1ebfp, LED TV, m\u00e1y gi\u1eb7t, t\u1ee7 l\u1ea1nh, d\u1ee5ng c\u1ee5 pha tr\u00e0, c\u00e0 ph\u00ea, wifi internet, ph\u00f2ng t\u1eafm \u0111\u1ee9ng&#8230;<\/p>\n<p>T\u1ea5t c\u1ea3 ti\u1ec7n nghi c\u1ee7a kh\u00e1ch s\u1ea1n \u0111\u1ec1u \u0111\u1ea1t ti\u00eau chu\u1ea9n cao \u0111\u00e1p \u1ee9ng nhu c\u1ea7u c\u1ee7a du kh\u00e1ch v\u1edbi m\u1ee5c \u0111\u00edch c\u00f4ng t\u00e1c hay ngh\u1ec9 ng\u01a1i du l\u1ecbch.[\/vc_column_text][\/vc_column][vc_column css=&#8221;.vc_custom_1516121971544{padding-top: 15px !important;}&#8221; offset=&#8221;vc_col-lg-6 vc_col-md-6 vc_col-xs-12&#8243;][vc_single_image image=&#8221;327&#8243; img_size=&#8221;600&#215;460&#8243;][\/vc_column][\/vc_row]<\/p>\n","protected":false},"excerpt":{"rendered":"<p>GI\u1edaI THI\u1ec6U V\u1ec0 CH\u00daNG T\u00d4I \u0110I\u1ec0U KHO\u1ea2N S\u1eec D\u1ee4NG<\/p>\n","protected":false},"author":1,"featured_media":0,"parent":0,"menu_order":0,"comment_status":"closed","ping_status":"closed","template":"","meta":[],"_links":{"self":[{"href":"https:\/\/ntatower.com\/vi\/wp-json\/wp\/v2\/pages\/13"}],"collection":[{"href":"https:\/\/ntatower.com\/vi\/wp-json\/wp\/v2\/pages"}],"about":[{"href":"https:\/\/ntatower.com\/vi\/wp-json\/wp\/v2\/types\/page"}],"author":[{"embeddable":true,"href":"https:\/\/ntatower.com\/vi\/wp-json\/wp\/v2\/users\/1"}],"replies":[{"embeddable":true,"href":"https:\/\/ntatower.com\/vi\/wp-json\/wp\/v2\/comments?post=13"}],"version-history":[{"count":27,"href":"https:\/\/ntatower.com\/vi\/wp-json\/wp\/v2\/pages\/13\/revisions"}],"predecessor-version":[{"id":465,"href":"https:\/\/ntatower.com\/vi\/wp-json\/wp\/v2\/pages\/13\/revisions\/465"}],"wp:attachment":[{"href":"https:\/\/ntatower.com\/vi\/wp-json\/wp\/v2\/media?parent=13"}],"curies":[{"name":"wp","href":"https:\/\/api.w.org\/{rel}","templated":true}]}}